{"id":1264,"date":"2021-02-20T09:37:34","date_gmt":"2021-02-20T08:37:34","guid":{"rendered":"https:\/\/esports-betting.io\/?page_id=1264"},"modified":"2026-02-24T14:02:04","modified_gmt":"2026-02-24T13:02:04","slug":"esports-betting-io","status":"publish","type":"page","link":"https:\/\/esports-betting.io\/da\/","title":{"rendered":"esports-betting.io &#8211; Alt om E Sport"},"content":{"rendered":"","protected":false},"excerpt":{"rendered":"","protected":false},"author":2,"featured_media":899,"parent":0,"menu_order":0,"comment_status":"closed","ping_status":"closed","template":"","meta":{"_acf_changed":false,"footnotes":""},"class_list":["post-1264","page","type-page","status-publish","has-post-thumbnail","hentry"],"acf":[],"yoast_head":"<!-- This site is optimized with the Yoast SEO plugin v27.4 - https:\/\/yoast.com\/product\/yoast-seo-wordpress\/ -->\n<title>eSport betting \u2013 Guide til betting p\u00e5 e-sport og gaming<\/title>\n<meta name=\"description\" content=\"L\u00e6r hvordan eSport betting fungerer. Guide til betting p\u00e5 Counter-Strike, League of Legends og andre e-sportsgrene. L\u00e6s alt om E sport\" \/>\n<meta name=\"robots\" content=\"index, follow, max-snippet:-1, max-image-preview:large, max-video-preview:-1\" \/>\n<link rel=\"canonical\" href=\"https:\/\/esports-betting.io\/da\/\" \/>\n<meta property=\"og:locale\" content=\"da_DK\" \/>\n<meta property=\"og:type\" content=\"article\" \/>\n<meta property=\"og:title\" content=\"eSport betting \u2013 Guide til betting p\u00e5 e-sport og gaming\" \/>\n<meta property=\"og:description\" content=\"L\u00e6r hvordan eSport betting fungerer. Guide til betting p\u00e5 Counter-Strike, League of Legends og andre e-sportsgrene. L\u00e6s alt om E sport\" \/>\n<meta property=\"og:url\" content=\"https:\/\/esports-betting.io\/da\/\" \/>\n<meta property=\"og:site_name\" content=\"eSports-Betting.io\" \/>\n<meta property=\"article:modified_time\" content=\"2026-02-24T13:02:04+00:00\" \/>\n<meta property=\"og:image\" content=\"https:\/\/esports-betting.io\/wp-content\/uploads\/2020\/11\/eSports-betting-4.jpg\" \/>\n\t<meta property=\"og:image:width\" content=\"1500\" \/>\n\t<meta property=\"og:image:height\" content=\"1000\" \/>\n\t<meta property=\"og:image:type\" content=\"image\/jpeg\" \/>\n<meta name=\"twitter:card\" content=\"summary_large_image\" \/>\n<meta name=\"twitter:label1\" content=\"Estimeret l\u00e6setid\" \/>\n\t<meta name=\"twitter:data1\" content=\"1 minut\" \/>\n<script type=\"application\/ld+json\" class=\"yoast-schema-graph\">{\"@context\":\"https:\\\/\\\/schema.org\",\"@graph\":[{\"@type\":\"WebPage\",\"@id\":\"https:\\\/\\\/esports-betting.io\\\/da\\\/\",\"url\":\"https:\\\/\\\/esports-betting.io\\\/da\\\/\",\"name\":\"eSport betting \u2013 Guide til betting p\u00e5 e-sport og gaming\",\"isPartOf\":{\"@id\":\"https:\\\/\\\/esports-betting.io\\\/da\\\/#website\"},\"primaryImageOfPage\":{\"@id\":\"https:\\\/\\\/esports-betting.io\\\/da\\\/#primaryimage\"},\"image\":{\"@id\":\"https:\\\/\\\/esports-betting.io\\\/da\\\/#primaryimage\"},\"thumbnailUrl\":\"https:\\\/\\\/esports-betting.io\\\/wp-content\\\/uploads\\\/2020\\\/11\\\/eSports-betting-4.jpg\",\"datePublished\":\"2021-02-20T08:37:34+00:00\",\"dateModified\":\"2026-02-24T13:02:04+00:00\",\"description\":\"L\u00e6r hvordan eSport betting fungerer. Guide til betting p\u00e5 Counter-Strike, League of Legends og andre e-sportsgrene. L\u00e6s alt om E sport\",\"breadcrumb\":{\"@id\":\"https:\\\/\\\/esports-betting.io\\\/da\\\/#breadcrumb\"},\"inLanguage\":\"da-DK\",\"potentialAction\":[{\"@type\":\"ReadAction\",\"target\":[\"https:\\\/\\\/esports-betting.io\\\/da\\\/\"]}]},{\"@type\":\"ImageObject\",\"inLanguage\":\"da-DK\",\"@id\":\"https:\\\/\\\/esports-betting.io\\\/da\\\/#primaryimage\",\"url\":\"https:\\\/\\\/esports-betting.io\\\/wp-content\\\/uploads\\\/2020\\\/11\\\/eSports-betting-4.jpg\",\"contentUrl\":\"https:\\\/\\\/esports-betting.io\\\/wp-content\\\/uploads\\\/2020\\\/11\\\/eSports-betting-4.jpg\",\"width\":1500,\"height\":1000,\"caption\":\"eSport Betting\"},{\"@type\":\"BreadcrumbList\",\"@id\":\"https:\\\/\\\/esports-betting.io\\\/da\\\/#breadcrumb\",\"itemListElement\":[{\"@type\":\"ListItem\",\"position\":1,\"name\":\"Hem\",\"item\":\"https:\\\/\\\/esports-betting.io\\\/da\\\/\"},{\"@type\":\"ListItem\",\"position\":2,\"name\":\"esports-betting.io &#8211; Alt om E Sport\"}]},{\"@type\":\"WebSite\",\"@id\":\"https:\\\/\\\/esports-betting.io\\\/da\\\/#website\",\"url\":\"https:\\\/\\\/esports-betting.io\\\/da\\\/\",\"name\":\"eSports-Betting.io\",\"description\":\"Esports betting online i Sverige\",\"potentialAction\":[{\"@type\":\"SearchAction\",\"target\":{\"@type\":\"EntryPoint\",\"urlTemplate\":\"https:\\\/\\\/esports-betting.io\\\/da\\\/?s={search_term_string}\"},\"query-input\":{\"@type\":\"PropertyValueSpecification\",\"valueRequired\":true,\"valueName\":\"search_term_string\"}}],\"inLanguage\":\"da-DK\"}]}<\/script>\n<!-- \/ Yoast SEO plugin. -->","yoast_head_json":{"title":"eSport betting \u2013 Guide til betting p\u00e5 e-sport og gaming","description":"L\u00e6r hvordan eSport betting fungerer. Guide til betting p\u00e5 Counter-Strike, League of Legends og andre e-sportsgrene. L\u00e6s alt om E sport","robots":{"index":"index","follow":"follow","max-snippet":"max-snippet:-1","max-image-preview":"max-image-preview:large","max-video-preview":"max-video-preview:-1"},"canonical":"https:\/\/esports-betting.io\/da\/","og_locale":"da_DK","og_type":"article","og_title":"eSport betting \u2013 Guide til betting p\u00e5 e-sport og gaming","og_description":"L\u00e6r hvordan eSport betting fungerer. Guide til betting p\u00e5 Counter-Strike, League of Legends og andre e-sportsgrene. L\u00e6s alt om E sport","og_url":"https:\/\/esports-betting.io\/da\/","og_site_name":"eSports-Betting.io","article_modified_time":"2026-02-24T13:02:04+00:00","og_image":[{"width":1500,"height":1000,"url":"https:\/\/esports-betting.io\/wp-content\/uploads\/2020\/11\/eSports-betting-4.jpg","type":"image\/jpeg"}],"twitter_card":"summary_large_image","twitter_misc":{"Estimeret l\u00e6setid":"1 minut"},"schema":{"@context":"https:\/\/schema.org","@graph":[{"@type":"WebPage","@id":"https:\/\/esports-betting.io\/da\/","url":"https:\/\/esports-betting.io\/da\/","name":"eSport betting \u2013 Guide til betting p\u00e5 e-sport og gaming","isPartOf":{"@id":"https:\/\/esports-betting.io\/da\/#website"},"primaryImageOfPage":{"@id":"https:\/\/esports-betting.io\/da\/#primaryimage"},"image":{"@id":"https:\/\/esports-betting.io\/da\/#primaryimage"},"thumbnailUrl":"https:\/\/esports-betting.io\/wp-content\/uploads\/2020\/11\/eSports-betting-4.jpg","datePublished":"2021-02-20T08:37:34+00:00","dateModified":"2026-02-24T13:02:04+00:00","description":"L\u00e6r hvordan eSport betting fungerer. Guide til betting p\u00e5 Counter-Strike, League of Legends og andre e-sportsgrene. L\u00e6s alt om E sport","breadcrumb":{"@id":"https:\/\/esports-betting.io\/da\/#breadcrumb"},"inLanguage":"da-DK","potentialAction":[{"@type":"ReadAction","target":["https:\/\/esports-betting.io\/da\/"]}]},{"@type":"ImageObject","inLanguage":"da-DK","@id":"https:\/\/esports-betting.io\/da\/#primaryimage","url":"https:\/\/esports-betting.io\/wp-content\/uploads\/2020\/11\/eSports-betting-4.jpg","contentUrl":"https:\/\/esports-betting.io\/wp-content\/uploads\/2020\/11\/eSports-betting-4.jpg","width":1500,"height":1000,"caption":"eSport Betting"},{"@type":"BreadcrumbList","@id":"https:\/\/esports-betting.io\/da\/#breadcrumb","itemListElement":[{"@type":"ListItem","position":1,"name":"Hem","item":"https:\/\/esports-betting.io\/da\/"},{"@type":"ListItem","position":2,"name":"esports-betting.io &#8211; Alt om E Sport"}]},{"@type":"WebSite","@id":"https:\/\/esports-betting.io\/da\/#website","url":"https:\/\/esports-betting.io\/da\/","name":"eSports-Betting.io","description":"Esports betting online i Sverige","potentialAction":[{"@type":"SearchAction","target":{"@type":"EntryPoint","urlTemplate":"https:\/\/esports-betting.io\/da\/?s={search_term_string}"},"query-input":{"@type":"PropertyValueSpecification","valueRequired":true,"valueName":"search_term_string"}}],"inLanguage":"da-DK"}]}},"_links":{"self":[{"href":"https:\/\/esports-betting.io\/da\/wp-json\/wp\/v2\/pages\/1264","targetHints":{"allow":["GET"]}}],"collection":[{"href":"https:\/\/esports-betting.io\/da\/wp-json\/wp\/v2\/pages"}],"about":[{"href":"https:\/\/esports-betting.io\/da\/wp-json\/wp\/v2\/types\/page"}],"author":[{"embeddable":true,"href":"https:\/\/esports-betting.io\/da\/wp-json\/wp\/v2\/users\/2"}],"replies":[{"embeddable":true,"href":"https:\/\/esports-betting.io\/da\/wp-json\/wp\/v2\/comments?post=1264"}],"version-history":[{"count":6,"href":"https:\/\/esports-betting.io\/da\/wp-json\/wp\/v2\/pages\/1264\/revisions"}],"predecessor-version":[{"id":2359,"href":"https:\/\/esports-betting.io\/da\/wp-json\/wp\/v2\/pages\/1264\/revisions\/2359"}],"wp:featuredmedia":[{"embeddable":true,"href":"https:\/\/esports-betting.io\/da\/wp-json\/wp\/v2\/media\/899"}],"wp:attachment":[{"href":"https:\/\/esports-betting.io\/da\/wp-json\/wp\/v2\/media?parent=1264"}],"curies":[{"name":"wp","href":"https:\/\/api.w.org\/{rel}","templated":true}]}}